{"id":9244,"date":"2025-01-14T17:22:03","date_gmt":"2025-01-14T17:22:03","guid":{"rendered":"https:\/\/netzero.milapasa.com\/?page_id=9244"},"modified":"2025-01-14T19:28:52","modified_gmt":"2025-01-14T19:28:52","slug":"clarification-text","status":"publish","type":"page","link":"https:\/\/netzero.milapasa.com\/en\/clarification-text\/","title":{"rendered":"Clarification Text"},"content":{"rendered":"<section class=\"l-section wpb_row height_custom\"><div class=\"l-section-h i-cf\"><div class=\"g-cols vc_row via_grid cols_1 laptops-cols_inherit tablets-cols_inherit mobiles-cols_1 valign_top type_default stacking_default\"><div class=\"wpb_column vc_column_container\"><div class=\"vc_column-inner\"><div class=\"wpb_text_column\"><div class=\"wpb_wrapper\"><p><b><strong>PRIVACY POLICY AND\u00a0<\/strong><\/b><b><strong>CLARIFICATION TEXT<\/strong><\/b><\/p>\n<p>All information you share with our Ministry of Transport and Infrastructure of the Republic of T\u00fcrkiye, through the mobile application\u00a0<b><strong>(UETDS Y\u00fck Bildirimi)<\/strong><\/b>\u00a0or website, including name, surname, plate number, and company information, is processed on a limited basis within the scope of UETDS Y\u00fck Bildirimi, which holds the title of data controller.<\/p>\n<p>This personal data related to your request and use of the application may be shared with our Ministry and its Affiliated, Related and Associated Institutions in order to increase your service quality and satisfaction. However, these data are processed automatically over the phone and not shared with third parties, provided that it is legally mandatory for legitimate interest and provided that it does not harm the fundamental rights and freedoms of the person concerned as specified in Article 5 of the Law No. 6698 on the Personal Data Protection Law (KVKK).<\/p>\n<p>In order to make an application for your requests within the scope of Article 11 of the relevant law regulating the rights of the person concerned, you can fill in the Data Owner Application Form available at our address\u00a0<b><strong>www.uab.gov.tr\/kvkk<\/strong><\/b>\u00a0and send it to\u00a0<em>Hakk\u0131 Turayli\u00e7 Caddesi No:5 Emek \u00c7ankaya\/ANKARA<\/em>\u00a0via notary public or other methods determined by the Personal Data Protection Authority or you can send it to\u00a0<em>uab@hs01.kep.tr<\/em>\u00a0e-mail address with secure electronic signature. Your request will be responded within thirty (30) days at the latest in accordance with the law. However, if the transaction requires an additional cost, the Ministry reserves the right to charge a fee in accordance with the law over the tariff determined by the Personal Data Protection Authority.<\/p>\n<\/div><\/div><\/div><\/div><\/div><\/div><\/section>\n","protected":false},"excerpt":{"rendered":"PRIVACY POLICY AND\u00a0CLARIFICATION TEXT All information you share with our Ministry of Transport and Infrastructure of the Republic of T\u00fcrkiye, through the mobile application\u00a0(UETDS Y\u00fck Bildirimi)\u00a0or website, including name, surname, plate number, and company information, is processed on a limited basis within the scope of UETDS Y\u00fck Bildirimi, which holds the title of data controller....","protected":false},"author":1,"featured_media":0,"parent":0,"menu_order":0,"comment_status":"closed","ping_status":"closed","template":"","meta":{"_acf_changed":false,"footnotes":""},"class_list":["post-9244","page","type-page","status-publish","hentry"],"acf":[],"_links":{"self":[{"href":"https:\/\/netzero.milapasa.com\/en\/wp-json\/wp\/v2\/pages\/9244","targetHints":{"allow":["GET"]}}],"collection":[{"href":"https:\/\/netzero.milapasa.com\/en\/wp-json\/wp\/v2\/pages"}],"about":[{"href":"https:\/\/netzero.milapasa.com\/en\/wp-json\/wp\/v2\/types\/page"}],"author":[{"embeddable":true,"href":"https:\/\/netzero.milapasa.com\/en\/wp-json\/wp\/v2\/users\/1"}],"replies":[{"embeddable":true,"href":"https:\/\/netzero.milapasa.com\/en\/wp-json\/wp\/v2\/comments?post=9244"}],"version-history":[{"count":3,"href":"https:\/\/netzero.milapasa.com\/en\/wp-json\/wp\/v2\/pages\/9244\/revisions"}],"predecessor-version":[{"id":9284,"href":"https:\/\/netzero.milapasa.com\/en\/wp-json\/wp\/v2\/pages\/9244\/revisions\/9284"}],"wp:attachment":[{"href":"https:\/\/netzero.milapasa.com\/en\/wp-json\/wp\/v2\/media?parent=9244"}],"curies":[{"name":"wp","href":"https:\/\/api.w.org\/{rel}","templated":true}]}}