{"id":8457,"date":"2023-03-21T10:44:09","date_gmt":"2023-03-21T10:44:09","guid":{"rendered":"https:\/\/uimt.org.tr\/hakkinda\/"},"modified":"2025-01-14T19:20:42","modified_gmt":"2025-01-14T19:20:42","slug":"about","status":"publish","type":"page","link":"https:\/\/netzero.milapasa.com\/en\/about\/","title":{"rendered":"About"},"content":{"rendered":"<section class=\"l-section wpb_row us_custom_bdacc125 height_custom width_full\"><div class=\"l-section-h i-cf\"><div class=\"g-cols vc_row via_grid cols_2 laptops-cols_inherit tablets-cols_inherit mobiles-cols_1 valign_top type_default stacking_default\"><div class=\"wpb_column vc_column_container\"><div class=\"vc_column-inner\"><div class=\"wpb_text_column us_custom_71d3e3d1\"><div class=\"wpb_wrapper\"><p><strong>ABOUT THE PROJECT<\/strong><\/p>\n<p>The &#8220;T\u00fcrkiye&#8217;s Net Zero Emissions Target: Transportation Roadmap&#8221; Project, funded by the European Union and managed by the Ministry of Transport and Infrastructure, aims to assist T\u00fcrkiye in developing concrete policies to achieve net zero emissions in its transportation sector. The project focuses on transitioning to an environmentally friendly and sustainable transportation system.<\/p>\n<p>The project will set strategies for various transportation modes, such as aviation, maritime, railways, road transport, and urban mobility, in line with T\u00fcrkiye&#8217;s net zero emissions targets for the transportation sector by 2053. It will contribute to increasing the sustainability and safety of the national transport system. Additionally, the project will support T\u00fcrkiye&#8217;s climate change mitigation goals and make significant contributions to sustainable development processes.<\/p>\n<p>The project involves a broad range of stakeholders, including public institutions such as the Ministry of Transport and Infrastructure (UAB), Ministry of Environment, Urbanization, and Climate Change (\u00c7\u015e\u0130M), Ministry of Treasury and Finance, the Capital Markets Board of T\u00fcrkiye, the Union of Municipalities, municipalities, international financial institutions, national banks, civil society organizations, the private sector, and academia. These stakeholders play a critical role in achieving the project&#8217;s strategic objectives and contribute to reducing carbon emissions.<\/p>\n<\/div><\/div><div class=\"g-cols wpb_row via_grid cols_1 laptops-cols_inherit tablets-cols_inherit mobiles-cols_1 valign_top type_default stacking_default\"><div class=\"wpb_column vc_column_container\"><div class=\"vc_column-inner\"><div class=\"w-image us_custom_c2c66360 align_none\"><div class=\"w-image-h\"><img loading=\"lazy\" decoding=\"async\" width=\"2426\" height=\"330\" src=\"https:\/\/netzero.milapasa.com\/wp-content\/uploads\/2025\/01\/sept11.png\" class=\"attachment-full size-full\" alt=\"\" srcset=\"https:\/\/netzero.milapasa.com\/wp-content\/uploads\/2025\/01\/sept11.png 2426w, https:\/\/netzero.milapasa.com\/wp-content\/uploads\/2025\/01\/sept11-300x41.png 300w, https:\/\/netzero.milapasa.com\/wp-content\/uploads\/2025\/01\/sept11-1024x139.png 1024w, https:\/\/netzero.milapasa.com\/wp-content\/uploads\/2025\/01\/sept11-1536x209.png 1536w\" sizes=\"auto, (max-width: 2426px) 100vw, 2426px\" \/><\/div><\/div><\/div><\/div><\/div><\/div><\/div><div class=\"wpb_column vc_column_container\"><div class=\"vc_column-inner\"><div class=\"w-image align_none\"><div class=\"w-image-h\"><img loading=\"lazy\" decoding=\"async\" width=\"1024\" height=\"480\" src=\"https:\/\/netzero.milapasa.com\/wp-content\/uploads\/2025\/01\/1-1024x480.png\" class=\"attachment-large size-large\" alt=\"\" srcset=\"https:\/\/netzero.milapasa.com\/wp-content\/uploads\/2025\/01\/1-1024x480.png 1024w, https:\/\/netzero.milapasa.com\/wp-content\/uploads\/2025\/01\/1-300x141.png 300w, https:\/\/netzero.milapasa.com\/wp-content\/uploads\/2025\/01\/1-1536x719.png 1536w\" sizes=\"auto, (max-width: 1024px) 100vw, 1024px\" \/><\/div><\/div><\/div><\/div><\/div><\/div><\/section><section class=\"l-section wpb_row us_custom_0d2e8d53 height_custom width_full\"><div class=\"l-section-h i-cf\"><div class=\"g-cols vc_row via_grid cols_1 laptops-cols_inherit tablets-cols_inherit mobiles-cols_1 valign_top type_default stacking_default\"><div class=\"wpb_column vc_column_container\"><div class=\"vc_column-inner\"><div class=\"w-image us_custom_b91424ac align_none\"><div class=\"w-image-h\"><img loading=\"lazy\" decoding=\"async\" width=\"7504\" height=\"980\" src=\"https:\/\/netzero.milapasa.com\/wp-content\/uploads\/2025\/01\/22.png\" class=\"attachment-full size-full\" alt=\"\" srcset=\"https:\/\/netzero.milapasa.com\/wp-content\/uploads\/2025\/01\/22.png 7504w, https:\/\/netzero.milapasa.com\/wp-content\/uploads\/2025\/01\/22-300x39.png 300w, https:\/\/netzero.milapasa.com\/wp-content\/uploads\/2025\/01\/22-1024x134.png 1024w, https:\/\/netzero.milapasa.com\/wp-content\/uploads\/2025\/01\/22-1536x201.png 1536w\" sizes=\"auto, (max-width: 7504px) 100vw, 7504px\" \/><\/div><\/div><\/div><\/div><\/div><\/div><\/section><section class=\"l-section wpb_row us_custom_026d1d5d height_small width_full\"><div class=\"l-section-h i-cf\"><div class=\"g-cols vc_row via_grid cols_2 laptops-cols_inherit tablets-cols_inherit mobiles-cols_1 valign_top type_default stacking_default\"><div class=\"wpb_column vc_column_container\"><div class=\"vc_column-inner\"><div class=\"wpb_text_column us_custom_71d3e3d1\"><div class=\"wpb_wrapper\"><p>The project aims to develop a roadmap containing concrete policies, solutions\/actions, defined indicators, and milestones to help T\u00fcrkiye achieve its net zero emissions target in the transportation sector. This includes creating a strategy, action plan, and transition pathways.<\/p>\n<p>To facilitate the development and implementation of the strategy, action plan, and roadmap, training and consultancy services will be provided to relevant institutions and stakeholders. In this context, an e-learning platform will be established, equipped with the most suitable content to support long-term capacity-building processes and provide sustainable education. Additionally, study visits, participation in international conferences, and consultation meetings will be organized to further enhance capacity.<\/p>\n<p>The activities within the project will be carried out in close coordination with the Ministry of Environment, Urbanization, and Climate Change (\u00c7\u015e\u0130DB), the primary authority in T\u00fcrkiye responsible for environmental and climate change matters. The project will also provide data on transportation-specific carbon emissions through online systems established for measuring greenhouse gas (GHG) emissions and expanding the measurement efforts.<\/p>\n<\/div><\/div><\/div><\/div><div class=\"wpb_column vc_column_container\"><div class=\"vc_column-inner\"><div class=\"w-image us_custom_4b7c0ab9 align_center\"><div class=\"w-image-h\"><img loading=\"lazy\" decoding=\"async\" width=\"300\" height=\"142\" src=\"https:\/\/netzero.milapasa.com\/wp-content\/uploads\/2025\/01\/3-300x142.png\" class=\"attachment-medium size-medium\" alt=\"\" srcset=\"https:\/\/netzero.milapasa.com\/wp-content\/uploads\/2025\/01\/3-300x142.png 300w, https:\/\/netzero.milapasa.com\/wp-content\/uploads\/2025\/01\/3-1024x485.png 1024w, https:\/\/netzero.milapasa.com\/wp-content\/uploads\/2025\/01\/3-1536x727.png 1536w\" sizes=\"auto, (max-width: 300px) 100vw, 300px\" \/><\/div><\/div><\/div><\/div><\/div><\/div><\/section><section class=\"l-section wpb_row us_custom_026d1d5d height_small width_full\"><div class=\"l-section-h i-cf\"><div class=\"g-cols vc_row via_grid cols_2 laptops-cols_inherit tablets-cols_inherit mobiles-cols_1 valign_top type_default stacking_default\"><div class=\"wpb_column vc_column_container\"><div class=\"vc_column-inner\"><div class=\"w-image us_custom_4b7c0ab9 align_center\"><div class=\"w-image-h\"><img loading=\"lazy\" decoding=\"async\" width=\"300\" height=\"159\" src=\"https:\/\/netzero.milapasa.com\/wp-content\/uploads\/2025\/01\/4-300x159.png\" class=\"attachment-medium size-medium\" alt=\"\" srcset=\"https:\/\/netzero.milapasa.com\/wp-content\/uploads\/2025\/01\/4-300x159.png 300w, https:\/\/netzero.milapasa.com\/wp-content\/uploads\/2025\/01\/4-1024x542.png 1024w, https:\/\/netzero.milapasa.com\/wp-content\/uploads\/2025\/01\/4-1536x814.png 1536w\" sizes=\"auto, (max-width: 300px) 100vw, 300px\" \/><\/div><\/div><\/div><\/div><div class=\"wpb_column vc_column_container\"><div class=\"vc_column-inner\"><div class=\"wpb_text_column us_custom_71d3e3d1\"><div class=\"wpb_wrapper\"><p>An important aspect of the project is the development of projects for the Net Zero Project Portfolio, which includes various transportation modes such as aviation, maritime, rail, road, and urban mobility. These projects will be selected from the project portfolio under priority themes, based on their potential impact in achieving the net zero emissions target by 2053. The most effective projects\/actions under the portfolio will be compiled into a project list that forms T\u00fcrkiye\u2019s Net Zero Emission Project Portfolio for the Transport Sector.<\/p>\n<p>Additionally, the project aims to increase public ownership and support for the roadmap and raise awareness about net zero policies in the transportation sector. To achieve this, effective communication plans will be established with all project stakeholders through various promotional and visibility activities, fostering dialogue.<\/p>\n<p>For more information about the \u201cT\u00fcrkiye\u2019s Net Zero Emissions Target: Transportation Roadmap\u201d project, and to stay updated on how, when, and which concrete steps will be taken to transition to net zero emissions in the transportation sector, you can visit our website and follow the project\u2019s progress on our social media channels.<\/p>\n<\/div><\/div><\/div><\/div><\/div><\/div><\/section>\n","protected":false},"excerpt":{"rendered":"ABOUT THE PROJECT The &#8220;T\u00fcrkiye&#8217;s Net Zero Emissions Target: Transportation Roadmap&#8221; Project, funded by the European Union and managed by the Ministry of Transport and Infrastructure, aims to assist T\u00fcrkiye in developing concrete policies to achieve net zero emissions in its transportation sector. The project focuses on transitioning to an environmentally friendly and sustainable transportation...","protected":false},"author":1,"featured_media":0,"parent":0,"menu_order":0,"comment_status":"closed","ping_status":"closed","template":"","meta":{"_acf_changed":false,"footnotes":""},"class_list":["post-8457","page","type-page","status-publish","hentry"],"acf":[],"_links":{"self":[{"href":"https:\/\/netzero.milapasa.com\/en\/wp-json\/wp\/v2\/pages\/8457","targetHints":{"allow":["GET"]}}],"collection":[{"href":"https:\/\/netzero.milapasa.com\/en\/wp-json\/wp\/v2\/pages"}],"about":[{"href":"https:\/\/netzero.milapasa.com\/en\/wp-json\/wp\/v2\/types\/page"}],"author":[{"embeddable":true,"href":"https:\/\/netzero.milapasa.com\/en\/wp-json\/wp\/v2\/users\/1"}],"replies":[{"embeddable":true,"href":"https:\/\/netzero.milapasa.com\/en\/wp-json\/wp\/v2\/comments?post=8457"}],"version-history":[{"count":18,"href":"https:\/\/netzero.milapasa.com\/en\/wp-json\/wp\/v2\/pages\/8457\/revisions"}],"predecessor-version":[{"id":9280,"href":"https:\/\/netzero.milapasa.com\/en\/wp-json\/wp\/v2\/pages\/8457\/revisions\/9280"}],"wp:attachment":[{"href":"https:\/\/netzero.milapasa.com\/en\/wp-json\/wp\/v2\/media?parent=8457"}],"curies":[{"name":"wp","href":"https:\/\/api.w.org\/{rel}","templated":true}]}}